{"id":6,"date":"2020-09-09T23:13:56","date_gmt":"2020-09-09T23:13:56","guid":{"rendered":"https:\/\/tulokas.devnettisivu.net\/?page_id=6"},"modified":"2023-01-23T14:01:02","modified_gmt":"2023-01-23T14:01:02","slug":"sivusto","status":"publish","type":"page","link":"https:\/\/pirkanmaankelkkavuokraus.fi\/","title":{"rendered":"Sivusto"},"content":{"rendered":"<p>[et_pb_section fb_built=&#8221;1&#8243; _builder_version=&#8221;4.19.0&#8243; use_background_color_gradient=&#8221;on&#8221; background_color_gradient_stops=&#8221;rgba(104,104,104,0.23) 0%|rgba(10,10,10,0.4) 100%&#8221; background_color_gradient_overlays_image=&#8221;on&#8221; background_color_gradient_start=&#8221;rgba(104,104,104,0.23)&#8221; background_color_gradient_end=&#8221;rgba(10,10,10,0.4)&#8221; background_image=&#8221;https:\/\/pirkanmaankelkkavuokraus.fi\/wp-content\/uploads\/2022\/11\/taustakuva-10.jpg&#8221; width=&#8221;80%&#8221; width_tablet=&#8221;100%&#8221; width_phone=&#8221;&#8221; width_last_edited=&#8221;on|tablet&#8221; module_alignment=&#8221;center&#8221; custom_padding=&#8221;78px||68px|||&#8221; global_colors_info=&#8221;{}&#8221;][et_pb_row column_structure=&#8221;1_2,1_2&#8243; _builder_version=&#8221;4.16&#8243; global_colors_info=&#8221;{}&#8221;][et_pb_column type=&#8221;1_2&#8243; _builder_version=&#8221;4.16&#8243; global_colors_info=&#8221;{}&#8221;][et_pb_text _builder_version=&#8221;4.19.0&#8243; header_text_color=&#8221;#FFFFFF&#8221; header_font_size=&#8221;53px&#8221; header_font_size_tablet=&#8221;7vw&#8221; header_font_size_phone=&#8221;9vw&#8221; header_font_size_last_edited=&#8221;on|phone&#8221; global_colors_info=&#8221;{}&#8221;]<\/p>\n<h1 style=\"text-align: center;\">Tarjoamme moottorikelkat ja per\u00e4k\u00e4rryt vuokralle<\/h1>\n<p>[\/et_pb_text][et_pb_button button_url=&#8221;#yhteys&#8221; button_text=&#8221;Ota yhteytt\u00e4!&#8221; button_alignment=&#8221;center&#8221; _builder_version=&#8221;4.16&#8243; background_layout=&#8221;dark&#8221; global_colors_info=&#8221;{}&#8221;][\/et_pb_button][\/et_pb_column][et_pb_column type=&#8221;1_2&#8243; _builder_version=&#8221;4.16&#8243; global_colors_info=&#8221;{}&#8221;][\/et_pb_column][\/et_pb_row][\/et_pb_section][et_pb_section fb_built=&#8221;1&#8243; module_id=&#8221;kelkat&#8221; _builder_version=&#8221;4.19.0&#8243; background_color=&#8221;#FFFFFF&#8221; width=&#8221;80%&#8221; width_tablet=&#8221;100%&#8221; width_phone=&#8221;&#8221; width_last_edited=&#8221;on|tablet&#8221; module_alignment=&#8221;center&#8221; custom_padding=&#8221;26px||41px||false|false&#8221; global_colors_info=&#8221;{}&#8221;][et_pb_row _builder_version=&#8221;4.19.0&#8243; _module_preset=&#8221;default&#8221; background_color=&#8221;#44b7ff&#8221; width=&#8221;100%&#8221; max_width=&#8221;2560px&#8221; global_colors_info=&#8221;{%22gcid-a65e81dd-ee04-4afb-90ac-9255e8a7c316%22:%91%22background_color%22%93}&#8221;][et_pb_column type=&#8221;4_4&#8243; _builder_version=&#8221;4.19.0&#8243; _module_preset=&#8221;default&#8221; global_colors_info=&#8221;{}&#8221;][et_pb_text _builder_version=&#8221;4.19.0&#8243; _module_preset=&#8221;default&#8221; header_2_text_color=&#8221;#FFFFFF&#8221; global_colors_info=&#8221;{}&#8221;]<\/p>\n<h2 style=\"text-align: center;\">Katso kelkkojemme varaustilanne!<\/h2>\n<p>[\/et_pb_text][\/et_pb_column][\/et_pb_row][et_pb_row column_structure=&#8221;1_3,1_3,1_3&#8243; _builder_version=&#8221;4.19.0&#8243; width=&#8221;100%&#8221; custom_padding=&#8221;|20px|7px|20px|false|false&#8221; global_colors_info=&#8221;{}&#8221;][et_pb_column type=&#8221;1_3&#8243; _builder_version=&#8221;4.16&#8243; global_colors_info=&#8221;{}&#8221;][et_pb_image src=&#8221;https:\/\/pirkanmaankelkkavuokraus.fi\/wp-content\/uploads\/2022\/11\/kelkkapun.jpeg&#8221; alt=&#8221;white ceramic mug on table&#8221; title_text=&#8221;kelkkapun&#8221; align=&#8221;center&#8221; _builder_version=&#8221;4.19.1&#8243; width_tablet=&#8221;46%&#8221; width_phone=&#8221;100%&#8221; width_last_edited=&#8221;on|tablet&#8221; max_height=&#8221;154px&#8221; module_alignment_tablet=&#8221;center&#8221; module_alignment_phone=&#8221;&#8221; module_alignment_last_edited=&#8221;on|phone&#8221; global_colors_info=&#8221;{}&#8221;][\/et_pb_image][et_pb_text _builder_version=&#8221;4.19.1&#8243; header_2_text_align=&#8221;center&#8221; custom_margin=&#8221;||11px|||&#8221; global_colors_info=&#8221;{}&#8221;]<\/p>\n<h2 style=\"text-align: center;\"><span>Lynx Rave 850 re 3500<\/span><\/h2>\n<p>[\/et_pb_text][et_pb_text _builder_version=&#8221;4.19.1&#8243; _module_preset=&#8221;default&#8221; global_colors_info=&#8221;{}&#8221;]<\/p>\n<p><span><strong>Vuokrahinnat:<\/strong> <\/span><\/p>\n<p><span><strong>p\u00e4iv\u00e4: <\/strong>300\u20ac\/150km<\/span><\/p>\n<p><span><strong>viikonloppu: <\/strong>650\u20ac\/400km<\/span><\/p>\n<p><span><strong>viikko: <\/strong>1300\u20ac\/850 km<\/span><\/p>\n<p>Vuokran hinta sis\u00e4lt\u00e4\u00e4 2t \u00f6ljyt, kaskon ja viikkovuokra lis\u00e4ksi umpiper\u00e4k\u00e4rryn.<\/p>\n<p>[\/et_pb_text][et_pb_text disabled_on=&#8221;off|off|off&#8221; _builder_version=&#8221;4.19.1&#8243; header_2_text_align=&#8221;center&#8221; custom_margin=&#8221;||11px|||&#8221; global_colors_info=&#8221;{}&#8221;]<iframe loading=\"lazy\" src=\"https:\/\/calendar.google.com\/calendar\/embed?src=c2972c31bf5ef86945dd717013e833fb0c2b781befbf457ffaa3df40950a788d%40group.calendar.google.com&#038;ctz=Europe%2FHelsinki\" style=\"border: 0;\" width=\"800\" height=\"400\" frameborder=\"0\" scrolling=\"no\"><\/iframe>[\/et_pb_text][et_pb_code _builder_version=&#8221;4.19.1&#8243; _module_preset=&#8221;default&#8221; global_colors_info=&#8221;{}&#8221;][\/et_pb_code][\/et_pb_column][et_pb_column type=&#8221;1_3&#8243; _builder_version=&#8221;4.19.0&#8243; background_color=&#8221;#FFFFFF&#8221; global_colors_info=&#8221;{}&#8221;][et_pb_image src=&#8221;https:\/\/pirkanmaankelkkavuokraus.fi\/wp-content\/uploads\/2022\/11\/kelkka2.png&#8221; alt=&#8221;white ceramic mug on table&#8221; title_text=&#8221;kelkka2&#8243; align=&#8221;center&#8221; _builder_version=&#8221;4.19.0&#8243; width_tablet=&#8221;46%&#8221; width_phone=&#8221;100%&#8221; width_last_edited=&#8221;on|tablet&#8221; max_height=&#8221;154px&#8221; module_alignment_tablet=&#8221;center&#8221; module_alignment_phone=&#8221;&#8221; module_alignment_last_edited=&#8221;on|phone&#8221; global_colors_info=&#8221;{}&#8221;][\/et_pb_image][et_pb_text _builder_version=&#8221;4.19.1&#8243; header_2_text_align=&#8221;center&#8221; custom_margin=&#8221;||11px|||&#8221; global_colors_info=&#8221;{}&#8221;]<\/p>\n<h2 style=\"text-align: center;\"><span>Polaris 850 switchback xc 146<\/span><\/h2>\n<p>[\/et_pb_text][et_pb_text _builder_version=&#8221;4.19.1&#8243; _module_preset=&#8221;default&#8221; global_colors_info=&#8221;{}&#8221;]<\/p>\n<p><span><strong>Vuokrahinnat:<\/strong> <\/span><\/p>\n<p><span><strong>p\u00e4iv\u00e4: <\/strong>300\u20ac\/150km<\/span><\/p>\n<p><span><strong>viikonloppu: <\/strong>650\u20ac\/400km<\/span><\/p>\n<p><span><strong>viikko: <\/strong>1300\u20ac\/850 km<\/span><\/p>\n<p>Vuokran hinta sis\u00e4lt\u00e4\u00e4 2t \u00f6ljyt, kaskon ja viikkovuokra lis\u00e4ksi umpiper\u00e4k\u00e4rryn.<\/p>\n<p>[\/et_pb_text][et_pb_text disabled_on=&#8221;off|off|off&#8221; _builder_version=&#8221;4.19.1&#8243; header_2_text_align=&#8221;center&#8221; custom_margin=&#8221;||11px|||&#8221; global_colors_info=&#8221;{}&#8221;]<\/p>\n<p><iframe loading=\"lazy\" src=\"https:\/\/calendar.google.com\/calendar\/embed?src=d3f6165d2f042bdb7141432cf9b0a3056a5d9f9e589145cf274bebbc7fba32de%40group.calendar.google.com&amp;ctz=Europe%2FHelsinki\" style=\"border: 0;\" width=\"800\" height=\"400\" frameborder=\"0\" scrolling=\"no\"><\/iframe><\/p>\n<p>[\/et_pb_text][\/et_pb_column][et_pb_column type=&#8221;1_3&#8243; _builder_version=&#8221;4.16&#8243; global_colors_info=&#8221;{}&#8221;][et_pb_image src=&#8221;https:\/\/pirkanmaankelkkavuokraus.fi\/wp-content\/uploads\/2022\/11\/kelkka1-e1668709477686.jpeg&#8221; alt=&#8221;white ceramic mug on table&#8221; title_text=&#8221;kelkka1&#8243; align=&#8221;center&#8221; _builder_version=&#8221;4.19.0&#8243; width_tablet=&#8221;46%&#8221; width_phone=&#8221;100%&#8221; width_last_edited=&#8221;on|tablet&#8221; max_height=&#8221;154px&#8221; module_alignment_tablet=&#8221;center&#8221; module_alignment_phone=&#8221;&#8221; module_alignment_last_edited=&#8221;on|phone&#8221; global_colors_info=&#8221;{}&#8221;][\/et_pb_image][et_pb_text _builder_version=&#8221;4.19.1&#8243; text_font_size=&#8221;14px&#8221; header_2_text_align=&#8221;center&#8221; custom_margin=&#8221;||11px|||&#8221; global_colors_info=&#8221;{}&#8221;]<\/p>\n<h2 style=\"text-align: center;\"><span>Skidoo 850 renegade <\/span><\/h2>\n<p style=\"text-align: center;\"><span>(mahdollisuus lis\u00e4penkille selk\u00e4nojalla.)<\/span><\/p>\n<p>[\/et_pb_text][et_pb_text _builder_version=&#8221;4.19.1&#8243; _module_preset=&#8221;default&#8221; global_colors_info=&#8221;{}&#8221;]<\/p>\n<p><span><strong>Vuokrahinnat:<\/strong> <\/span><\/p>\n<p><span><strong>p\u00e4iv\u00e4: <\/strong>300\u20ac\/150km<\/span><\/p>\n<p><span><strong>viikonloppu: <\/strong>650\u20ac\/400km<\/span><\/p>\n<p><span><strong>viikko: <\/strong>1300\u20ac\/850 km<\/span><\/p>\n<p>Vuokran hinta sis\u00e4lt\u00e4\u00e4 2t \u00f6ljyt, kaskon ja viikkovuokra lis\u00e4ksi umpiper\u00e4k\u00e4rryn.<\/p>\n<p>[\/et_pb_text][et_pb_text disabled_on=&#8221;off|off|off&#8221; _builder_version=&#8221;4.19.1&#8243; header_2_text_align=&#8221;center&#8221; custom_margin=&#8221;||11px|||&#8221; global_colors_info=&#8221;{}&#8221;]<\/p>\n<p><iframe loading=\"lazy\" src=\"https:\/\/calendar.google.com\/calendar\/embed?src=0182e982217193be28ed80c15f6ed28b1ffe6b8c4a3bb304f9a5c4d1716d586a%40group.calendar.google.com&amp;ctz=Europe%2FHelsinki\" style=\"border: 0;\" width=\"800\" height=\"400\" frameborder=\"0\" scrolling=\"no\"><\/iframe><\/p>\n<p>[\/et_pb_text][\/et_pb_column][\/et_pb_row][et_pb_row _builder_version=&#8221;4.19.1&#8243; _module_preset=&#8221;default&#8221; global_colors_info=&#8221;{}&#8221;][et_pb_column type=&#8221;4_4&#8243; _builder_version=&#8221;4.19.1&#8243; _module_preset=&#8221;default&#8221; global_colors_info=&#8221;{}&#8221;][et_pb_text _builder_version=&#8221;4.19.4&#8243; _module_preset=&#8221;default&#8221; text_orientation=&#8221;center&#8221; hover_enabled=&#8221;0&#8243; global_colors_info=&#8221;{}&#8221; sticky_enabled=&#8221;0&#8243;]<\/p>\n<p>&#8211; Vuokrahinnat sis\u00e4lt\u00e4v\u00e4t kaskovakuutuksen ja 2t \u00f6ljyt.<\/p>\n<p>[\/et_pb_text][\/et_pb_column][\/et_pb_row][et_pb_row _builder_version=&#8221;4.19.0&#8243; _module_preset=&#8221;default&#8221; global_colors_info=&#8221;{}&#8221;][et_pb_column type=&#8221;4_4&#8243; _builder_version=&#8221;4.19.0&#8243; _module_preset=&#8221;default&#8221; global_colors_info=&#8221;{}&#8221;][et_pb_button button_url=&#8221;#yhteys&#8221; button_text=&#8221;Ota yhteytt\u00e4!&#8221; button_alignment=&#8221;center&#8221; _builder_version=&#8221;4.19.0&#8243; global_colors_info=&#8221;{}&#8221;][\/et_pb_button][\/et_pb_column][\/et_pb_row][\/et_pb_section][et_pb_section fb_built=&#8221;1&#8243; module_id=&#8221;perakarryt&#8221; _builder_version=&#8221;4.19.0&#8243; background_color=&#8221;#d6d6d6&#8243; width=&#8221;80%&#8221; width_tablet=&#8221;100%&#8221; width_phone=&#8221;&#8221; width_last_edited=&#8221;on|tablet&#8221; module_alignment=&#8221;center&#8221; custom_padding=&#8221;||41px||false|false&#8221; global_colors_info=&#8221;{}&#8221;][et_pb_row column_structure=&#8221;3_5,2_5&#8243; _builder_version=&#8221;4.19.0&#8243; width=&#8221;100%&#8221; custom_padding=&#8221;|20px||20px|false|false&#8221; global_colors_info=&#8221;{}&#8221;][et_pb_column type=&#8221;3_5&#8243; _builder_version=&#8221;4.16&#8243; global_colors_info=&#8221;{}&#8221;][et_pb_text _builder_version=&#8221;4.19.1&#8243; global_colors_info=&#8221;{}&#8221;]<\/p>\n<h2>Meill\u00e4 on lis\u00e4ksi kolme per\u00e4k\u00e4rry\u00e4, joita vuokraamme monenlaisiin tarpeisiin. Tiedustele saatavuutta soittamalla!<\/h2>\n<p>[\/et_pb_text][et_pb_text _builder_version=&#8221;4.19.1&#8243; global_colors_info=&#8221;{}&#8221;]<\/p>\n<p>Vuokraamme kahta per\u00e4k\u00e4rry\u00e4 ja umpitraileria monenlaisiin tarpeisiin.<\/p>\n<h3>Per\u00e4k\u00e4rryt<\/h3>\n<p>T\u00e4h\u00e4n voit lis\u00e4t\u00e4 k\u00e4rryn tietoja.<\/p>\n<p>Hinta 50\u20ac\/vuorokausi.<\/p>\n<h3>Umpitraileri<\/h3>\n<p>T\u00e4h\u00e4n voit lis\u00e4t\u00e4 k\u00e4rryn tietoja.<\/p>\n<p>Hinta 100\u20ac\/vuorokausi.<\/p>\n<p>[\/et_pb_text][et_pb_button button_url=&#8221;#yhteys&#8221; button_text=&#8221;Ota yhteytt\u00e4!&#8221; button_alignment=&#8221;center&#8221; _builder_version=&#8221;4.16&#8243; global_colors_info=&#8221;{}&#8221;][\/et_pb_button][\/et_pb_column][et_pb_column type=&#8221;2_5&#8243; _builder_version=&#8221;4.16&#8243; global_colors_info=&#8221;{}&#8221;][et_pb_image src=&#8221;https:\/\/pirkanmaankelkkavuokraus.fi\/wp-content\/uploads\/2022\/11\/karry-e1668709693575.jpeg&#8221; alt=&#8221;white ceramic mug on table&#8221; title_text=&#8221;karry&#8221; align=&#8221;center&#8221; _builder_version=&#8221;4.19.0&#8243; width_tablet=&#8221;46%&#8221; width_phone=&#8221;100%&#8221; width_last_edited=&#8221;on|tablet&#8221; module_alignment_tablet=&#8221;center&#8221; module_alignment_phone=&#8221;&#8221; module_alignment_last_edited=&#8221;on|phone&#8221; global_colors_info=&#8221;{}&#8221;][\/et_pb_image][et_pb_image src=&#8221;https:\/\/pirkanmaankelkkavuokraus.fi\/wp-content\/uploads\/2022\/11\/karry2.jpeg&#8221; title_text=&#8221;karry2&#8243; align=&#8221;center&#8221; _builder_version=&#8221;4.19.0&#8243; _module_preset=&#8221;default&#8221; global_colors_info=&#8221;{}&#8221;][\/et_pb_image][\/et_pb_column][\/et_pb_row][\/et_pb_section][et_pb_section fb_built=&#8221;1&#8243; module_id=&#8221;kilpuri&#8221; _builder_version=&#8221;4.19.1&#8243; background_color=&#8221;#ededed&#8221; use_background_color_gradient=&#8221;on&#8221; background_color_gradient_direction=&#8221;123deg&#8221; background_color_gradient_stops=&#8221;rgba(255,255,255,0) 1%|rgba(48,48,48,0.72) 69%&#8221; background_color_gradient_overlays_image=&#8221;on&#8221; background_image=&#8221;https:\/\/pirkanmaankelkkavuokraus.fi\/wp-content\/uploads\/2022\/11\/ralli-scaled.jpg&#8221; width=&#8221;80%&#8221; width_tablet=&#8221;100%&#8221; width_phone=&#8221;&#8221; width_last_edited=&#8221;on|tablet&#8221; module_alignment=&#8221;center&#8221; custom_padding=&#8221;||41px||false|false&#8221; background_last_edited=&#8221;on|phone&#8221; use_background_color_gradient_tablet=&#8221;on&#8221; background_color_gradient_direction_tablet=&#8221;193deg&#8221; background_color_gradient_stops_tablet=&#8221;rgba(255,255,255,0) 1%|rgba(48,48,48,0.72) 54%&#8221; global_colors_info=&#8221;{}&#8221;][et_pb_row column_structure=&#8221;2_3,1_3&#8243; _builder_version=&#8221;4.19.1&#8243; width=&#8221;100%&#8221; custom_padding=&#8221;|20px||20px|false|false&#8221; global_colors_info=&#8221;{}&#8221;][et_pb_column type=&#8221;2_3&#8243; _builder_version=&#8221;4.16&#8243; global_colors_info=&#8221;{}&#8221;][\/et_pb_column][et_pb_column type=&#8221;1_3&#8243; _builder_version=&#8221;4.16&#8243; global_colors_info=&#8221;{}&#8221;][et_pb_text _builder_version=&#8221;4.19.1&#8243; header_text_color=&#8221;#FFFFFF&#8221; header_2_text_color=&#8221;#FFFFFF&#8221; global_colors_info=&#8221;{}&#8221;]<\/p>\n<h2><span>Kilpa-auto el\u00e4mystapahtumat!<\/span><\/h2>\n<p>[\/et_pb_text][et_pb_text _builder_version=&#8221;4.19.1&#8243; text_text_color=&#8221;#FFFFFF&#8221; global_colors_info=&#8221;{}&#8221;]<\/p>\n<p><span>J\u00e4rjest\u00e4mme ryhmille polttari kyyditykset, ralliel\u00e4mys tapahtumat ym. <\/span><\/p>\n<p><span>Tiedustele rohkeasti sinulle sopivaa pakettia! <\/span><\/p>\n<p>[\/et_pb_text][et_pb_button button_url=&#8221;#yhteys&#8221; button_text=&#8221;Ota yhteytt\u00e4!&#8221; button_alignment=&#8221;center&#8221; _builder_version=&#8221;4.16&#8243; global_colors_info=&#8221;{}&#8221;][\/et_pb_button][\/et_pb_column][\/et_pb_row][\/et_pb_section][et_pb_section fb_built=&#8221;1&#8243; module_id=&#8221;yritys&#8221; _builder_version=&#8221;4.19.0&#8243; background_color=&#8221;#FFFFFF&#8221; width=&#8221;80%&#8221; width_tablet=&#8221;100%&#8221; width_phone=&#8221;&#8221; width_last_edited=&#8221;on|tablet&#8221; module_alignment=&#8221;center&#8221; custom_margin=&#8221;-14px|||||&#8221; custom_padding=&#8221;||28px|||&#8221; global_colors_info=&#8221;{}&#8221;][et_pb_row column_structure=&#8221;3_5,2_5&#8243; _builder_version=&#8221;4.19.0&#8243; width=&#8221;100%&#8221; custom_padding=&#8221;|20px|40px|20px|false|false&#8221; global_colors_info=&#8221;{}&#8221;][et_pb_column type=&#8221;3_5&#8243; _builder_version=&#8221;4.16&#8243; global_colors_info=&#8221;{}&#8221;][et_pb_text _builder_version=&#8221;4.19.0&#8243; custom_margin=&#8221;||13px|||&#8221; global_colors_info=&#8221;{}&#8221;]<\/p>\n<h2>Tavoitteenamme on olla Pirkanmaan paras vuokraliike! Meilt\u00e4 saat vuokrattua per\u00e4k\u00e4rryt ja kelkat arkeen ja vapaa-aikaan<\/h2>\n<p>[\/et_pb_text][\/et_pb_column][et_pb_column type=&#8221;2_5&#8243; _builder_version=&#8221;4.16&#8243; global_colors_info=&#8221;{}&#8221;][et_pb_text module_id=&#8221;yhteys&#8221; _builder_version=&#8221;4.19.0&#8243; global_colors_info=&#8221;{}&#8221;]<\/p>\n<h2 style=\"text-align: left;\">Ota yhteytt\u00e4 ja varaa!<\/h2>\n<p>[\/et_pb_text][et_pb_text _builder_version=&#8221;4.19.0&#8243; text_text_color=&#8221;#44a8ff&#8221; text_line_height=&#8221;1.8em&#8221; link_text_color=&#8221;gcid-a65e81dd-ee04-4afb-90ac-9255e8a7c316&#8243; global_colors_info=&#8221;{%22gcid-a65e81dd-ee04-4afb-90ac-9255e8a7c316%22:%91%22text_text_color%22,%22link_text_color%22%93}&#8221;]<\/p>\n<p><strong>0505354079<\/strong><br \/><strong><a href=\"mailto:automaalaus.s.saari@gmail.com\">automaalaus.s.saari@gmail.com<\/a>\u00a0<\/strong><\/p>\n<p>[\/et_pb_text][\/et_pb_column][\/et_pb_row][et_pb_row column_structure=&#8221;1_5,3_5,1_5&#8243; _builder_version=&#8221;4.16&#8243; width=&#8221;100%&#8221; max_width=&#8221;2560px&#8221; custom_padding=&#8221;0px|20px||20px|false|false&#8221; global_colors_info=&#8221;{}&#8221;][et_pb_column type=&#8221;1_5&#8243; _builder_version=&#8221;4.16&#8243; global_colors_info=&#8221;{}&#8221;][\/et_pb_column][et_pb_column type=&#8221;3_5&#8243; _builder_version=&#8221;4.16&#8243; border_radii=&#8221;on|11px|11px|11px|11px&#8221; border_width_all=&#8221;1px&#8221; border_color_all=&#8221;gcid-a65e81dd-ee04-4afb-90ac-9255e8a7c316&#8243; box_shadow_style=&#8221;preset1&#8243; box_shadow_blur=&#8221;10px&#8221; global_colors_info=&#8221;{%22gcid-a65e81dd-ee04-4afb-90ac-9255e8a7c316%22:%91%22border_color_all%22%93}&#8221;][et_pb_contact_form captcha=&#8221;off&#8221; email=&#8221;automaalaus.s.saari@gmail.com&#8221; title=&#8221;Tee varaus&#8221; custom_message=&#8221;Uusi yhteydenotto nettisivuilta||et_pb_line_break_holder||||et_pb_line_break_holder||Nimi: %%Name%%||et_pb_line_break_holder||Puhelin: %%puh%%||et_pb_line_break_holder||S\u00e4hk\u00f6posti: %%Email%%||et_pb_line_break_holder||||et_pb_line_break_holder||Varausajankohta: %%Varausajankohta%%||et_pb_line_break_holder||||et_pb_line_break_holder||Haluan vuokrata: %%kiinnostus%%||et_pb_line_break_holder||||et_pb_line_break_holder||Lis\u00e4tietoja:||et_pb_line_break_holder||%%Message%%&#8221; success_message=&#8221;Kiitos varauksestasi! Vahvistamme viel\u00e4 varauksesi kun olemme k\u00e4sitelleet ja hyv\u00e4ksyneet sen.&#8221; submit_button_text=&#8221;Varaa&#8221; _builder_version=&#8221;4.19.1&#8243; _unique_id=&#8221;fdfdf684-d5e3-4d10-9399-733a380a39bb&#8221; form_field_background_color=&#8221;#f4f4f4&#8243; form_field_text_color=&#8221;#000000&#8243; title_text_align=&#8221;center&#8221; custom_padding=&#8221;40px|20px|20px|20px|false|false&#8221; border_width_all=&#8221;1px&#8221; border_color_all=&#8221;gcid-a65e81dd-ee04-4afb-90ac-9255e8a7c316&#8243; global_module=&#8221;113&#8243; saved_tabs=&#8221;all&#8221; global_colors_info=&#8221;{%22gcid-a65e81dd-ee04-4afb-90ac-9255e8a7c316%22:%91%22border_color_all%22%93}&#8221;][et_pb_contact_field field_id=&#8221;Name&#8221; field_title=&#8221;Nimi&#8221; fullwidth_field=&#8221;on&#8221; _builder_version=&#8221;4.16&#8243; global_colors_info=&#8221;{}&#8221; button_text_size__hover_enabled=&#8221;off&#8221; button_one_text_size__hover_enabled=&#8221;off&#8221; button_two_text_size__hover_enabled=&#8221;off&#8221; button_text_color__hover_enabled=&#8221;off&#8221; button_one_text_color__hover_enabled=&#8221;off&#8221; button_two_text_color__hover_enabled=&#8221;off&#8221; button_border_width__hover_enabled=&#8221;off&#8221; button_one_border_width__hover_enabled=&#8221;off&#8221; button_two_border_width__hover_enabled=&#8221;off&#8221; button_border_color__hover_enabled=&#8221;off&#8221; button_one_border_color__hover_enabled=&#8221;off&#8221; button_two_border_color__hover_enabled=&#8221;off&#8221; button_border_radius__hover_enabled=&#8221;off&#8221; button_one_border_radius__hover_enabled=&#8221;off&#8221; button_two_border_radius__hover_enabled=&#8221;off&#8221; button_letter_spacing__hover_enabled=&#8221;off&#8221; button_one_letter_spacing__hover_enabled=&#8221;off&#8221; button_two_letter_spacing__hover_enabled=&#8221;off&#8221; button_bg_color__hover_enabled=&#8221;off&#8221; button_one_bg_color__hover_enabled=&#8221;off&#8221; button_two_bg_color__hover_enabled=&#8221;off&#8221;][\/et_pb_contact_field][et_pb_contact_field field_id=&#8221;puh&#8221; field_title=&#8221;Puhelinnumero&#8221; fullwidth_field=&#8221;on&#8221; _builder_version=&#8221;4.16&#8243; global_colors_info=&#8221;{}&#8221;][\/et_pb_contact_field][et_pb_contact_field field_id=&#8221;Email&#8221; field_title=&#8221;S\u00e4hk\u00f6postiosoite&#8221; field_type=&#8221;email&#8221; fullwidth_field=&#8221;on&#8221; _builder_version=&#8221;4.16&#8243; global_colors_info=&#8221;{}&#8221; button_text_size__hover_enabled=&#8221;off&#8221; button_one_text_size__hover_enabled=&#8221;off&#8221; button_two_text_size__hover_enabled=&#8221;off&#8221; button_text_color__hover_enabled=&#8221;off&#8221; button_one_text_color__hover_enabled=&#8221;off&#8221; button_two_text_color__hover_enabled=&#8221;off&#8221; button_border_width__hover_enabled=&#8221;off&#8221; button_one_border_width__hover_enabled=&#8221;off&#8221; button_two_border_width__hover_enabled=&#8221;off&#8221; button_border_color__hover_enabled=&#8221;off&#8221; button_one_border_color__hover_enabled=&#8221;off&#8221; button_two_border_color__hover_enabled=&#8221;off&#8221; button_border_radius__hover_enabled=&#8221;off&#8221; button_one_border_radius__hover_enabled=&#8221;off&#8221; button_two_border_radius__hover_enabled=&#8221;off&#8221; button_letter_spacing__hover_enabled=&#8221;off&#8221; button_one_letter_spacing__hover_enabled=&#8221;off&#8221; button_two_letter_spacing__hover_enabled=&#8221;off&#8221; button_bg_color__hover_enabled=&#8221;off&#8221; button_one_bg_color__hover_enabled=&#8221;off&#8221; button_two_bg_color__hover_enabled=&#8221;off&#8221;][\/et_pb_contact_field][et_pb_contact_field field_id=&#8221;kiinnostus&#8221; field_title=&#8221;Haluan vuokrata&#8221; field_type=&#8221;checkbox&#8221; checkbox_options=&#8221;%91{%22value%22:%22Moottorikelkka Lynx%22,%22checked%22:0,%22dragID%22:-1},{%22dragID%22:1,%22value%22:%22Moottorikelkka Polaris%22,%22checked%22:0},{%22dragID%22:2,%22value%22:%22Moottorikelkka Skidoo%22,%22checked%22:0},{%22dragID%22:0,%22value%22:%22Per\u00e4k\u00e4rryn%22,%22checked%22:0}%93&#8243; fullwidth_field=&#8221;on&#8221; _builder_version=&#8221;4.19.1&#8243; _module_preset=&#8221;default&#8221; global_colors_info=&#8221;{}&#8221;][\/et_pb_contact_field][et_pb_contact_field field_id=&#8221;Varausajankohta&#8221; field_title=&#8221;Varausajankohta&#8221; fullwidth_field=&#8221;on&#8221; _builder_version=&#8221;4.19.1&#8243; _module_preset=&#8221;default&#8221; global_colors_info=&#8221;{}&#8221;][\/et_pb_contact_field][et_pb_contact_field field_id=&#8221;Message&#8221; field_title=&#8221;Lis\u00e4tietoja&#8221; field_type=&#8221;text&#8221; fullwidth_field=&#8221;on&#8221; _builder_version=&#8221;4.19.0&#8243; global_colors_info=&#8221;{}&#8221; button_text_size__hover_enabled=&#8221;off&#8221; button_one_text_size__hover_enabled=&#8221;off&#8221; button_two_text_size__hover_enabled=&#8221;off&#8221; button_text_color__hover_enabled=&#8221;off&#8221; button_one_text_color__hover_enabled=&#8221;off&#8221; button_two_text_color__hover_enabled=&#8221;off&#8221; button_border_width__hover_enabled=&#8221;off&#8221; button_one_border_width__hover_enabled=&#8221;off&#8221; button_two_border_width__hover_enabled=&#8221;off&#8221; button_border_color__hover_enabled=&#8221;off&#8221; button_one_border_color__hover_enabled=&#8221;off&#8221; button_two_border_color__hover_enabled=&#8221;off&#8221; button_border_radius__hover_enabled=&#8221;off&#8221; button_one_border_radius__hover_enabled=&#8221;off&#8221; button_two_border_radius__hover_enabled=&#8221;off&#8221; button_letter_spacing__hover_enabled=&#8221;off&#8221; button_one_letter_spacing__hover_enabled=&#8221;off&#8221; button_two_letter_spacing__hover_enabled=&#8221;off&#8221; button_bg_color__hover_enabled=&#8221;off&#8221; button_one_bg_color__hover_enabled=&#8221;off&#8221; button_two_bg_color__hover_enabled=&#8221;off&#8221;][\/et_pb_contact_field][\/et_pb_contact_form][\/et_pb_column][et_pb_column type=&#8221;1_5&#8243; _builder_version=&#8221;4.16&#8243; global_colors_info=&#8221;{}&#8221;][\/et_pb_column][\/et_pb_row][\/et_pb_section]<\/p>\n","protected":false},"excerpt":{"rendered":"<p>Tarjoamme moottorikelkat ja per\u00e4k\u00e4rryt vuokralleKatso kelkkojemme varaustilanne!Lynx Rave 850 re 3500Vuokrahinnat: p\u00e4iv\u00e4: 300\u20ac\/150km viikonloppu: 650\u20ac\/400km viikko: 1300\u20ac\/850 km Vuokran hinta sis\u00e4lt\u00e4\u00e4 2t \u00f6ljyt, kaskon ja viikkovuokra lis\u00e4ksi umpiper\u00e4k\u00e4rryn.Polaris 850 switchback xc 146Vuokrahinnat: p\u00e4iv\u00e4: 300\u20ac\/150km viikonloppu: 650\u20ac\/400km viikko: 1300\u20ac\/850 km Vuokran hinta sis\u00e4lt\u00e4\u00e4 2t \u00f6ljyt, kaskon ja viikkovuokra lis\u00e4ksi umpiper\u00e4k\u00e4rryn.Skidoo 850 renegade (mahdollisuus lis\u00e4penkille selk\u00e4nojalla.)Vuokrahinnat: p\u00e4iv\u00e4: [&hellip;]<\/p>\n","protected":false},"author":2,"featured_media":0,"parent":0,"menu_order":0,"comment_status":"closed","ping_status":"closed","template":"","meta":{"_et_pb_use_builder":"on","_et_pb_old_content":"","_et_gb_content_width":"","footnotes":""},"class_list":["post-6","page","type-page","status-publish","hentry"],"_links":{"self":[{"href":"https:\/\/pirkanmaankelkkavuokraus.fi\/index.php?rest_route=\/wp\/v2\/pages\/6","targetHints":{"allow":["GET"]}}],"collection":[{"href":"https:\/\/pirkanmaankelkkavuokraus.fi\/index.php?rest_route=\/wp\/v2\/pages"}],"about":[{"href":"https:\/\/pirkanmaankelkkavuokraus.fi\/index.php?rest_route=\/wp\/v2\/types\/page"}],"author":[{"embeddable":true,"href":"https:\/\/pirkanmaankelkkavuokraus.fi\/index.php?rest_route=\/wp\/v2\/users\/2"}],"replies":[{"embeddable":true,"href":"https:\/\/pirkanmaankelkkavuokraus.fi\/index.php?rest_route=%2Fwp%2Fv2%2Fcomments&post=6"}],"version-history":[{"count":48,"href":"https:\/\/pirkanmaankelkkavuokraus.fi\/index.php?rest_route=\/wp\/v2\/pages\/6\/revisions"}],"predecessor-version":[{"id":186,"href":"https:\/\/pirkanmaankelkkavuokraus.fi\/index.php?rest_route=\/wp\/v2\/pages\/6\/revisions\/186"}],"wp:attachment":[{"href":"https:\/\/pirkanmaankelkkavuokraus.fi\/index.php?rest_route=%2Fwp%2Fv2%2Fmedia&parent=6"}],"curies":[{"name":"wp","href":"https:\/\/api.w.org\/{rel}","templated":true}]}}